{"id":744,"date":"2023-07-04T18:49:15","date_gmt":"2023-07-04T16:49:15","guid":{"rendered":"http:\/\/dylan.carvajal.es\/?page_id=744"},"modified":"2025-12-05T01:27:33","modified_gmt":"2025-12-04T23:27:33","slug":"guillermo-dylan-ingeniero-del-software","status":"publish","type":"page","link":"https:\/\/dylan.carvajal.es\/?page_id=744","title":{"rendered":"\u00bfQui\u00e9n soy?"},"content":{"rendered":"\n<p>Soy Guillermo Dylan Carvajal Aza, Ingeniero Inform\u00e1tico del Software y Web de Oviedo (Asturias, Espa\u00f1a) y actual estudiante de doctorado en la Universidad de Oviedo.<\/p>\n\n\n\n<p>Si has entrado en esta p\u00e1gina problablemente sea porque est\u00e1s  interesad@ en saber m\u00e1s sobre mi, as\u00ed que d\u00e9jame que te cuente algunas cosas&#8230;<\/p>\n\n\n\n<p>Empec\u00e9 mi carrera en Inform\u00e1tica no solo porque me interesasen los ordenadores y las cosas frikis \ud83d\udc7e, tambi\u00e9n fue gracias a las influencias de mi padre, profesores y amigos que fui teniendo a lo largo de mis a\u00f1os en el instituto<\/p>\n\n\n\n<p>Cuando empec\u00e9 la carrera ten\u00eda en mente especializarme en ciberseguridad, pero seg\u00fan fueron pasando los cursos me fui decantando m\u00e1s por la ingenier\u00eda web, (\u00a1pese a que mi Trabajo de Fin de Grado no tuviese nada que ver con esta!) lo que me llev\u00f3 a estudiar el Master de Ingenier\u00eda Web de la Universidad de Oviedo.<\/p>\n\n\n\n<p>Y precisamente por ese TFG, (sobre el cual puedes leer m\u00e1s <a href=\"https:\/\/dylan.carvajal.es\/?p=1039\">aqu\u00ed <\/a>\ud83d\ude09), me decid\u00ed a adentrarme en el mundo de la investigaci\u00f3n, integr\u00e1ndome adem\u00e1s en el proyecto <a href=\"https:\/\/www.elcomercio.es\/asturias\/signos-psicosis-adolescentes-investigacion-universidad-oviedo-20241203104627-nt.html\">TEEN-P3<\/a> como analista y dise\u00f1ador principal del sistema desarrollado para el proyecto.<a href=\"https:\/\/emojipedia.org\/es\/cara-gui%C3%B1ando-el-ojo\"><\/a><\/p>\n\n\n\n<p>En 2024 me gradu\u00e9 del Grado en Ingenier\u00eda Inform\u00e1tica&#8230; un a\u00f1o despu\u00e9s en 2025 del Master en Ingenier\u00eda Web, y desde entonces he comenzado mi estudio como doctorado en inform\u00e1tica en la misma Universidad que me acogi\u00f3 en un inicio.<\/p>\n\n\n\n<p>Solo puedo esperar cumplir mi \u00fanico objetivo con toda esta trayectoria, lograr hacer del mundo un lugar mejor mediante el software y web, por muy ambicioso que pueda sonar.<\/p>\n","protected":false},"excerpt":{"rendered":"<p>Soy Guillermo Dylan Carvajal Aza, Ingeniero Inform\u00e1tico del Software y Web de Oviedo (Asturias, Espa\u00f1a) y actual estudiante de doctorado en la Universidad de Oviedo. Si has entrado en esta p\u00e1gina problablemente sea porque est\u00e1s interesad@ en saber m\u00e1s sobre mi, as\u00ed que d\u00e9jame que te cuente algunas cosas&#8230; Empec\u00e9 mi carrera en Inform\u00e1tica no [&hellip;]<\/p>\n","protected":false},"author":2,"featured_media":0,"parent":0,"menu_order":0,"comment_status":"closed","ping_status":"closed","template":"","meta":{"_eb_attr":"","footnotes":""},"class_list":["post-744","page","type-page","status-publish","hentry"],"_links":{"self":[{"href":"https:\/\/dylan.carvajal.es\/index.php?rest_route=\/wp\/v2\/pages\/744","targetHints":{"allow":["GET"]}}],"collection":[{"href":"https:\/\/dylan.carvajal.es\/index.php?rest_route=\/wp\/v2\/pages"}],"about":[{"href":"https:\/\/dylan.carvajal.es\/index.php?rest_route=\/wp\/v2\/types\/page"}],"author":[{"embeddable":true,"href":"https:\/\/dylan.carvajal.es\/index.php?rest_route=\/wp\/v2\/users\/2"}],"replies":[{"embeddable":true,"href":"https:\/\/dylan.carvajal.es\/index.php?rest_route=%2Fwp%2Fv2%2Fcomments&post=744"}],"version-history":[{"count":9,"href":"https:\/\/dylan.carvajal.es\/index.php?rest_route=\/wp\/v2\/pages\/744\/revisions"}],"predecessor-version":[{"id":1227,"href":"https:\/\/dylan.carvajal.es\/index.php?rest_route=\/wp\/v2\/pages\/744\/revisions\/1227"}],"wp:attachment":[{"href":"https:\/\/dylan.carvajal.es\/index.php?rest_route=%2Fwp%2Fv2%2Fmedia&parent=744"}],"curies":[{"name":"wp","href":"https:\/\/api.w.org\/{rel}","templated":true}]}}